{"id":14,"date":"2021-11-19T18:26:34","date_gmt":"2021-11-19T18:26:34","guid":{"rendered":"https:\/\/www.ohnostroje.net\/?page_id=14"},"modified":"2021-12-13T17:53:04","modified_gmt":"2021-12-13T17:53:04","slug":"uvod","status":"publish","type":"page","link":"https:\/\/www.ohnostroje.net\/","title":{"rendered":"\u0160irokodolsk\u00e1, s.r.o."},"content":{"rendered":"\n<h2 class=\"has-text-align-center wp-block-heading\"><strong>Oh\u0148ostroje a pyrotechnika J\u00edlek<\/strong><\/h2>\n\n\n\n<p class=\"has-text-align-center\">Chyst\u00e1te se oslavit velkou ud\u00e1lost nebo jen chcete sv\u00e9 akci p\u0159idat na velkoleposti? Za\u0159a\u010fte do sv\u00e9ho programu oh\u0148ostroj, na kter\u00fd budou va\u0161i host\u00e9 je\u0161t\u011b dlouho vzpom\u00ednat. Sv\u011b\u0159te zlat\u00fd h\u0159eb ve\u010dera do rukou profesion\u00e1l\u016f s&nbsp;v\u00edce ne\u017e 20 letou zku\u0161enost\u00ed. Nebo si od n\u00e1s jen nechte poradit a vyberte si z&nbsp;na\u0161eho \u0161irok\u00e9ho sortimentu kvalitn\u00ed pyrotechniky.<\/p>\n\n\n\n<p><\/p>\n\n\n\n<h2 class=\"has-text-align-center wp-block-heading\"><strong>Co v\u00e1m m\u016f\u017eeme nab\u00eddnout<\/strong><\/h2>\n\n\n\n<p><\/p>\n\n\n\n<ul class=\"wp-block-list\"><li>maloobchodn\u00ed a velkoobchodn\u00ed&nbsp;<strong>prodej<\/strong>&nbsp;z\u00e1bavn\u00ed&nbsp;pyrotechniky<\/li><li><strong>realizace<\/strong>&nbsp;exteri\u00e9rov\u00fdch a interi\u00e9rov\u00fdch oh\u0148ostroj\u016f<\/li><li><strong>pyrotechnick\u00fd pr\u016fzkum a trhac\u00ed pr\u00e1ce<\/strong>&nbsp;v&nbsp;rozsahu stavebn\u00edch prac\u00ed a destrukc\u00ed a povrchov\u00e9ho dob\u00fdv\u00e1n\u00ed<\/li><li>v\u00fdzkum, v\u00fdvoj, v\u00fdroba ni\u010den\u00ed a zne\u0161kod\u0148ov\u00e1n\u00ed pyrotechnick\u00fdch v\u00fdrobk\u016f a v\u00fdbu\u0161nin<\/li><\/ul>\n\n\n\n<h2 class=\"has-text-align-center wp-block-heading\"><strong>Nakupujte pyrotechniku od ov\u011b\u0159en\u00fdch dodavatel\u016f<\/strong><\/h2>\n\n\n\n<p class=\"has-text-align-center\">R\u00e1di v\u00e1s p\u0159iv\u00edt\u00e1me v na\u0161\u00ed maloobchodn\u00ed prodejn\u011b na ulici Hegerova 156 (u kruhov\u00e9ho objezdu &#8211; mezi restaurac\u00ed Kov\u00e1rna a pneuservisem \u010cerven\u00fd), kde si m\u016f\u017eete vybrat z na\u0161\u00ed nab\u00eddky voln\u011b dostupn\u00e9 pyrotechniky.<\/p>\n\n\n\n<p><\/p>\n\n\n\n<h2 class=\"has-text-align-center wp-block-heading\"><strong>Sh\u00e1n\u00edte pyrotechniku 4. kategorie?<\/strong><\/h2>\n\n\n\n<p class=\"has-text-align-center\">Pyrotechnika nejvy\u0161\u0161\u00ed kategorie nen\u00ed voln\u011b prodejn\u00e1 a proto se nenach\u00e1z\u00ed v sortimentu na\u0161\u00ed prodejny. V p\u0159\u00edpad\u011b z\u00e1jmu o tento druh zbo\u017e\u00ed n\u00e1s kontaktujte\u00a0telefonicky.<\/p>\n\n\n\n<p class=\"has-text-align-center\">Nepochybujte o kvalit\u011b na\u0161ich slu\u017eeb. K&nbsp;ve\u0161ker\u00fdm provozovan\u00fdm \u010dinnostem vlastn\u00edme platn\u00e1 opr\u00e1vn\u011bn\u00ed a povolen\u00ed a jsme \u010dlenem ACPF (Asociace profesion\u00e1ln\u00edch oh\u0148ostroja\u0159\u016f \u010cR).<\/p>\n\n\n\n<p><\/p>\n","protected":false},"excerpt":{"rendered":"<p>Oh\u0148ostroje a pyrotechnika J\u00edlek Chyst\u00e1te se oslavit velkou ud\u00e1lost nebo jen chcete sv\u00e9 akci p\u0159idat na velkoleposti? Za\u0159a\u010fte do sv\u00e9ho programu oh\u0148ostroj, na kter\u00fd budou va\u0161i host\u00e9 je\u0161t\u011b dlouho vzpom\u00ednat. Sv\u011b\u0159te zlat\u00fd h\u0159eb ve\u010dera do rukou profesion\u00e1l\u016f s&nbsp;v\u00edce ne\u017e 20 letou zku\u0161enost\u00ed. Nebo si od n\u00e1s jen nechte poradit a vyberte si z&nbsp;na\u0161eho \u0161irok\u00e9ho sortimentu &hellip; <\/p>\n<p class=\"link-more\"><a href=\"https:\/\/www.ohnostroje.net\/\" class=\"more-link\">Pokra\u010dovat ve \u010dten\u00ed<span class=\"screen-reader-text\"> &#8222;\u0160irokodolsk\u00e1, s.r.o.&#8220;<\/span><\/a><\/p>\n","protected":false},"author":1,"featured_media":0,"parent":0,"menu_order":0,"comment_status":"closed","ping_status":"closed","template":"","meta":{"footnotes":""},"class_list":["post-14","page","type-page","status-publish","hentry"],"yoast_head":"<!-- This site is optimized with the Yoast SEO plugin v25.3.1 - https:\/\/yoast.com\/wordpress\/plugins\/seo\/ -->\n<title>\u0160irokodolsk\u00e1, s.r.o. - Oh\u0148ostroje a pyrotechnika J\u00edlek<\/title>\n<meta name=\"description\" content=\"Chyst\u00e1te se oslavit velkou ud\u00e1lost nebo jen chcete sv\u00e9 akci p\u0159idat na velkoleposti? Za\u0159a\u010fte do sv\u00e9ho programu oh\u0148ostroj, na kter\u00fd budou va\u0161i host\u00e9 je\u0161t\u011b dlouho vzpom\u00ednat.\" \/>\n<meta name=\"robots\" content=\"index, follow, max-snippet:-1, max-image-preview:large, max-video-preview:-1\" \/>\n<link rel=\"canonical\" href=\"https:\/\/www.ohnostroje.net\/\" \/>\n<meta property=\"og:locale\" content=\"cs_CZ\" \/>\n<meta property=\"og:type\" content=\"article\" \/>\n<meta property=\"og:title\" content=\"\u0160irokodolsk\u00e1, s.r.o. - Oh\u0148ostroje a pyrotechnika J\u00edlek\" \/>\n<meta property=\"og:description\" content=\"Chyst\u00e1te se oslavit velkou ud\u00e1lost nebo jen chcete sv\u00e9 akci p\u0159idat na velkoleposti? Za\u0159a\u010fte do sv\u00e9ho programu oh\u0148ostroj, na kter\u00fd budou va\u0161i host\u00e9 je\u0161t\u011b dlouho vzpom\u00ednat.\" \/>\n<meta property=\"og:url\" content=\"https:\/\/www.ohnostroje.net\/\" \/>\n<meta property=\"og:site_name\" content=\"Oh\u0148ostroje a pyrotechnika J\u00edlek\" \/>\n<meta property=\"article:modified_time\" content=\"2021-12-13T17:53:04+00:00\" \/>\n<meta property=\"og:image\" content=\"https:\/\/www.ohnostroje.net\/wp-content\/uploads\/2021\/11\/logo-bi\u0301le\u0301-c\u030cerne\u0301-1.png\" \/>\n\t<meta property=\"og:image:width\" content=\"200\" \/>\n\t<meta property=\"og:image:height\" content=\"153\" \/>\n\t<meta property=\"og:image:type\" content=\"image\/png\" \/>\n<meta name=\"twitter:card\" content=\"summary_large_image\" \/>\n<meta name=\"twitter:label1\" content=\"Odhadovan\u00e1 doba \u010dten\u00ed\" \/>\n\t<meta name=\"twitter:data1\" content=\"1 minuta\" \/>\n<script type=\"application\/ld+json\" class=\"yoast-schema-graph\">{\"@context\":\"https:\/\/schema.org\",\"@graph\":[{\"@type\":\"WebPage\",\"@id\":\"https:\/\/www.ohnostroje.net\/\",\"url\":\"https:\/\/www.ohnostroje.net\/\",\"name\":\"\u0160irokodolsk\u00e1, s.r.o. - Oh\u0148ostroje a pyrotechnika J\u00edlek\",\"isPartOf\":{\"@id\":\"https:\/\/www.ohnostroje.net\/#website\"},\"datePublished\":\"2021-11-19T18:26:34+00:00\",\"dateModified\":\"2021-12-13T17:53:04+00:00\",\"description\":\"Chyst\u00e1te se oslavit velkou ud\u00e1lost nebo jen chcete sv\u00e9 akci p\u0159idat na velkoleposti? Za\u0159a\u010fte do sv\u00e9ho programu oh\u0148ostroj, na kter\u00fd budou va\u0161i host\u00e9 je\u0161t\u011b dlouho vzpom\u00ednat.\",\"breadcrumb\":{\"@id\":\"https:\/\/www.ohnostroje.net\/#breadcrumb\"},\"inLanguage\":\"cs\",\"potentialAction\":[{\"@type\":\"ReadAction\",\"target\":[\"https:\/\/www.ohnostroje.net\/\"]}]},{\"@type\":\"BreadcrumbList\",\"@id\":\"https:\/\/www.ohnostroje.net\/#breadcrumb\",\"itemListElement\":[{\"@type\":\"ListItem\",\"position\":1,\"name\":\"Dom\u016f\",\"item\":\"https:\/\/www.ohnostroje.net\/\"},{\"@type\":\"ListItem\",\"position\":2,\"name\":\"\u0160irokodolsk\u00e1, s.r.o.\"}]},{\"@type\":\"WebSite\",\"@id\":\"https:\/\/www.ohnostroje.net\/#website\",\"url\":\"https:\/\/www.ohnostroje.net\/\",\"name\":\"Oh\u0148ostroje a pyrotechnika J\u00edlek\",\"description\":\"\",\"publisher\":{\"@id\":\"https:\/\/www.ohnostroje.net\/#organization\"},\"potentialAction\":[{\"@type\":\"SearchAction\",\"target\":{\"@type\":\"EntryPoint\",\"urlTemplate\":\"https:\/\/www.ohnostroje.net\/?s={search_term_string}\"},\"query-input\":{\"@type\":\"PropertyValueSpecification\",\"valueRequired\":true,\"valueName\":\"search_term_string\"}}],\"inLanguage\":\"cs\"},{\"@type\":\"Organization\",\"@id\":\"https:\/\/www.ohnostroje.net\/#organization\",\"name\":\"Oh\u0148ostroje J\u00edlek\",\"url\":\"https:\/\/www.ohnostroje.net\/\",\"logo\":{\"@type\":\"ImageObject\",\"inLanguage\":\"cs\",\"@id\":\"https:\/\/www.ohnostroje.net\/#\/schema\/logo\/image\/\",\"url\":\"https:\/\/www.ohnostroje.net\/wp-content\/uploads\/2021\/11\/logo-bi\u0301le\u0301-c\u030cerne\u0301-1.png\",\"contentUrl\":\"https:\/\/www.ohnostroje.net\/wp-content\/uploads\/2021\/11\/logo-bi\u0301le\u0301-c\u030cerne\u0301-1.png\",\"width\":200,\"height\":153,\"caption\":\"Oh\u0148ostroje J\u00edlek\"},\"image\":{\"@id\":\"https:\/\/www.ohnostroje.net\/#\/schema\/logo\/image\/\"}}]}<\/script>\n<!-- \/ Yoast SEO plugin. -->","yoast_head_json":{"title":"\u0160irokodolsk\u00e1, s.r.o. - Oh\u0148ostroje a pyrotechnika J\u00edlek","description":"Chyst\u00e1te se oslavit velkou ud\u00e1lost nebo jen chcete sv\u00e9 akci p\u0159idat na velkoleposti? Za\u0159a\u010fte do sv\u00e9ho programu oh\u0148ostroj, na kter\u00fd budou va\u0161i host\u00e9 je\u0161t\u011b dlouho vzpom\u00ednat.","robots":{"index":"index","follow":"follow","max-snippet":"max-snippet:-1","max-image-preview":"max-image-preview:large","max-video-preview":"max-video-preview:-1"},"canonical":"https:\/\/www.ohnostroje.net\/","og_locale":"cs_CZ","og_type":"article","og_title":"\u0160irokodolsk\u00e1, s.r.o. - Oh\u0148ostroje a pyrotechnika J\u00edlek","og_description":"Chyst\u00e1te se oslavit velkou ud\u00e1lost nebo jen chcete sv\u00e9 akci p\u0159idat na velkoleposti? Za\u0159a\u010fte do sv\u00e9ho programu oh\u0148ostroj, na kter\u00fd budou va\u0161i host\u00e9 je\u0161t\u011b dlouho vzpom\u00ednat.","og_url":"https:\/\/www.ohnostroje.net\/","og_site_name":"Oh\u0148ostroje a pyrotechnika J\u00edlek","article_modified_time":"2021-12-13T17:53:04+00:00","og_image":[{"width":200,"height":153,"url":"https:\/\/www.ohnostroje.net\/wp-content\/uploads\/2021\/11\/logo-bi\u0301le\u0301-c\u030cerne\u0301-1.png","type":"image\/png"}],"twitter_card":"summary_large_image","twitter_misc":{"Odhadovan\u00e1 doba \u010dten\u00ed":"1 minuta"},"schema":{"@context":"https:\/\/schema.org","@graph":[{"@type":"WebPage","@id":"https:\/\/www.ohnostroje.net\/","url":"https:\/\/www.ohnostroje.net\/","name":"\u0160irokodolsk\u00e1, s.r.o. - Oh\u0148ostroje a pyrotechnika J\u00edlek","isPartOf":{"@id":"https:\/\/www.ohnostroje.net\/#website"},"datePublished":"2021-11-19T18:26:34+00:00","dateModified":"2021-12-13T17:53:04+00:00","description":"Chyst\u00e1te se oslavit velkou ud\u00e1lost nebo jen chcete sv\u00e9 akci p\u0159idat na velkoleposti? Za\u0159a\u010fte do sv\u00e9ho programu oh\u0148ostroj, na kter\u00fd budou va\u0161i host\u00e9 je\u0161t\u011b dlouho vzpom\u00ednat.","breadcrumb":{"@id":"https:\/\/www.ohnostroje.net\/#breadcrumb"},"inLanguage":"cs","potentialAction":[{"@type":"ReadAction","target":["https:\/\/www.ohnostroje.net\/"]}]},{"@type":"BreadcrumbList","@id":"https:\/\/www.ohnostroje.net\/#breadcrumb","itemListElement":[{"@type":"ListItem","position":1,"name":"Dom\u016f","item":"https:\/\/www.ohnostroje.net\/"},{"@type":"ListItem","position":2,"name":"\u0160irokodolsk\u00e1, s.r.o."}]},{"@type":"WebSite","@id":"https:\/\/www.ohnostroje.net\/#website","url":"https:\/\/www.ohnostroje.net\/","name":"Oh\u0148ostroje a pyrotechnika J\u00edlek","description":"","publisher":{"@id":"https:\/\/www.ohnostroje.net\/#organization"},"potentialAction":[{"@type":"SearchAction","target":{"@type":"EntryPoint","urlTemplate":"https:\/\/www.ohnostroje.net\/?s={search_term_string}"},"query-input":{"@type":"PropertyValueSpecification","valueRequired":true,"valueName":"search_term_string"}}],"inLanguage":"cs"},{"@type":"Organization","@id":"https:\/\/www.ohnostroje.net\/#organization","name":"Oh\u0148ostroje J\u00edlek","url":"https:\/\/www.ohnostroje.net\/","logo":{"@type":"ImageObject","inLanguage":"cs","@id":"https:\/\/www.ohnostroje.net\/#\/schema\/logo\/image\/","url":"https:\/\/www.ohnostroje.net\/wp-content\/uploads\/2021\/11\/logo-bi\u0301le\u0301-c\u030cerne\u0301-1.png","contentUrl":"https:\/\/www.ohnostroje.net\/wp-content\/uploads\/2021\/11\/logo-bi\u0301le\u0301-c\u030cerne\u0301-1.png","width":200,"height":153,"caption":"Oh\u0148ostroje J\u00edlek"},"image":{"@id":"https:\/\/www.ohnostroje.net\/#\/schema\/logo\/image\/"}}]}},"_links":{"self":[{"href":"https:\/\/www.ohnostroje.net\/index.php\/wp-json\/wp\/v2\/pages\/14","targetHints":{"allow":["GET"]}}],"collection":[{"href":"https:\/\/www.ohnostroje.net\/index.php\/wp-json\/wp\/v2\/pages"}],"about":[{"href":"https:\/\/www.ohnostroje.net\/index.php\/wp-json\/wp\/v2\/types\/page"}],"author":[{"embeddable":true,"href":"https:\/\/www.ohnostroje.net\/index.php\/wp-json\/wp\/v2\/users\/1"}],"replies":[{"embeddable":true,"href":"https:\/\/www.ohnostroje.net\/index.php\/wp-json\/wp\/v2\/comments?post=14"}],"version-history":[{"count":13,"href":"https:\/\/www.ohnostroje.net\/index.php\/wp-json\/wp\/v2\/pages\/14\/revisions"}],"predecessor-version":[{"id":113,"href":"https:\/\/www.ohnostroje.net\/index.php\/wp-json\/wp\/v2\/pages\/14\/revisions\/113"}],"wp:attachment":[{"href":"https:\/\/www.ohnostroje.net\/index.php\/wp-json\/wp\/v2\/media?parent=14"}],"curies":[{"name":"wp","href":"https:\/\/api.w.org\/{rel}","templated":true}]}}