{"id":63,"date":"2021-11-19T19:29:31","date_gmt":"2021-11-19T19:29:31","guid":{"rendered":"https:\/\/www.ohnostroje.net\/?page_id=63"},"modified":"2021-12-13T17:44:55","modified_gmt":"2021-12-13T17:44:55","slug":"ohnostroje","status":"publish","type":"page","link":"https:\/\/www.ohnostroje.net\/index.php\/ohnostroje\/","title":{"rendered":"Oh\u0148ostroje"},"content":{"rendered":"\n<p>Realizujeme exteri\u00e9rov\u00e9 oh\u0148ostroje p\u0159esn\u011b podle va\u0161eho p\u0159\u00e1n\u00ed. Nab\u00edz\u00edme tak\u00e9 oh\u0148ostroje v interi\u00e9rech a&nbsp; dal\u0161\u00ed speci\u00e1ln\u00ed pyrotechnick\u00e9 efekty&nbsp; vhodn\u00e9 pro divadla, koncerty, sportovn\u00ed akce, airsoft nebo paintball. Oh\u0148ostroje a pyrotechnick\u00e9 efekty odpalujeme pomoc\u00ed programovateln\u00e9ho elektronick\u00e9ho za\u0159\u00edzen\u00ed na d\u00e1lkov\u00e9 ovl\u00e1d\u00e1n\u00ed p\u0159\u00edpadn\u011b kombinac\u00ed s&nbsp;po\u010d\u00edta\u010dov\u00fdm syst\u00e9mem.<\/p>\n\n\n\n<figure class=\"wp-block-image size-full is-style-default\"><img loading=\"lazy\" decoding=\"async\" width=\"1000\" height=\"573\" src=\"https:\/\/www.ohnostroje.net\/wp-content\/uploads\/2021\/11\/silvestr-svitavy.png\" alt=\"\" class=\"wp-image-75\" srcset=\"https:\/\/www.ohnostroje.net\/wp-content\/uploads\/2021\/11\/silvestr-svitavy.png 1000w, https:\/\/www.ohnostroje.net\/wp-content\/uploads\/2021\/11\/silvestr-svitavy-300x172.png 300w, https:\/\/www.ohnostroje.net\/wp-content\/uploads\/2021\/11\/silvestr-svitavy-768x440.png 768w\" sizes=\"auto, (max-width: 706px) 89vw, (max-width: 767px) 82vw, 740px\" \/><\/figure>\n\n\n\n<p>Zvl\u00e1dnete oh\u0148ostroj odp\u00e1lit sami? P\u0159iprav\u00edme v\u00e1m oh\u0148ostrojovou sadu podle va\u0161ich p\u0159edstav.<\/p>\n\n\n\n<figure class=\"wp-block-table is-style-regular\"><table><thead><tr><td><strong>N\u00e1vrh a p\u0159\u00edprava oh\u0148ostroj\u016f pro vlastn\u00ed odpal<\/strong><\/td><td>Cena: od&nbsp; 1 000 K\u010d + DPH \/ 1 minuta<\/td><\/tr><\/thead><tbody><tr><td>Jednotliv\u00e9 v\u00fdrobky v\u00e1m vz\u00e1jemn\u011b propoj\u00edme a p\u0159ipevn\u00edme na paletu. Vy sadu pouze um\u00edst\u00edte na vhodn\u00e9m m\u00edst\u011b, stabilizujete a zap\u00e1l\u00edte mikroz\u00e1palnici. Pou\u0161t\u011bn\u00ed oh\u0148ostroj\u016f nebylo nikdy leh\u010d\u00ed.<\/td><\/tr><tr><td><strong>Mal\u00e9 oh\u0148ostroje<\/strong><\/td><td>Cena: od 1 500 K\u010d + DPH \/ 1 minuta<\/td><\/tr><tr><td>Vhodn\u00e9 na rodinn\u00e9 ud\u00e1losti a men\u0161\u00ed firemn\u00ed akce a oslavy.<\/td><td>&nbsp;<\/td><\/tr><tr><td><strong>St\u0159edn\u00ed oh\u0148ostroje<\/strong><\/td><td>Cena: od 3 000 K\u010d + DPH \/ 1 minuta<\/td><\/tr><tr><td>Pro v\u011bt\u0161\u00ed oslavy, v\u00fdznamn\u011bj\u0161\u00ed ud\u00e1losti a akce m\u011bst.<\/td><td>&nbsp;<\/td><\/tr><tr><td><strong>Velk\u00e9 oh\u0148ostroje<\/strong><\/td><td>Cena: od 9 000 K\u010d + DPH \/ 1 minuta<\/td><\/tr><tr><td>Pro p\u0159\u00edpad, \u017ee akce chyst\u00e1te opravdu velkolepou akci.<\/td><td>&nbsp;<\/td><\/tr><tr><td><strong>Hudebn\u00ed doprovod<\/strong><\/td><td>P\u0159\u00edplatek: 5 000 K\u010d<\/td><\/tr><tr><td>Oh\u0148ostroje od celkov\u00e9 ceny 15 000 K\u010d bez DPH je mo\u017en\u00e9 p\u0159ipravit s hudebn\u00edm doprovodem za p\u0159\u00edplatek (p\u0159\u00edprava, aparatura, ozvu\u010den\u00ed). Hudebn\u00ed doprovod je mo\u017en\u00fd dle na\u0161eho nebo va\u0161eho v\u00fdb\u011bru.<\/td><\/tr><tr><td><strong>Speci\u00e1ln\u00ed pyrotechnick\u00e9 efekty&nbsp;<\/strong>(n\u00e1pisy, loga)<br><strong>Airsoftov\u00e9, paintballov\u00e9 a dal\u0161\u00ed pyrotechniky<\/strong><\/td><td>Cena: dohodou<\/td><\/tr><tr><td><em>*Cena z\u00e1le\u017e\u00ed na druhu, po\u010dtu a n\u00e1ro\u010dnosti efekt\u016f.<\/em><\/td><\/tr><\/tbody><\/table><\/figure>\n","protected":false},"excerpt":{"rendered":"<p>Realizujeme exteri\u00e9rov\u00e9 oh\u0148ostroje p\u0159esn\u011b podle va\u0161eho p\u0159\u00e1n\u00ed. Nab\u00edz\u00edme tak\u00e9 oh\u0148ostroje v interi\u00e9rech a&nbsp; dal\u0161\u00ed speci\u00e1ln\u00ed pyrotechnick\u00e9 efekty&nbsp; vhodn\u00e9 pro divadla, koncerty, sportovn\u00ed akce, airsoft nebo paintball. Oh\u0148ostroje a pyrotechnick\u00e9 efekty odpalujeme pomoc\u00ed programovateln\u00e9ho elektronick\u00e9ho za\u0159\u00edzen\u00ed na d\u00e1lkov\u00e9 ovl\u00e1d\u00e1n\u00ed p\u0159\u00edpadn\u011b kombinac\u00ed s&nbsp;po\u010d\u00edta\u010dov\u00fdm syst\u00e9mem. Zvl\u00e1dnete oh\u0148ostroj odp\u00e1lit sami? P\u0159iprav\u00edme v\u00e1m oh\u0148ostrojovou sadu podle va\u0161ich p\u0159edstav. N\u00e1vrh a &hellip; <\/p>\n<p class=\"link-more\"><a href=\"https:\/\/www.ohnostroje.net\/index.php\/ohnostroje\/\" class=\"more-link\">Pokra\u010dovat ve \u010dten\u00ed<span class=\"screen-reader-text\"> &#8222;Oh\u0148ostroje&#8220;<\/span><\/a><\/p>\n","protected":false},"author":1,"featured_media":0,"parent":0,"menu_order":0,"comment_status":"closed","ping_status":"closed","template":"","meta":{"footnotes":""},"class_list":["post-63","page","type-page","status-publish","hentry"],"yoast_head":"<!-- This site is optimized with the Yoast SEO plugin v25.3.1 - https:\/\/yoast.com\/wordpress\/plugins\/seo\/ -->\n<title>Oh\u0148ostroje - Oh\u0148ostroje a pyrotechnika J\u00edlek<\/title>\n<meta name=\"description\" content=\"Realizujeme exteri\u00e9rov\u00e9 oh\u0148ostroje p\u0159esn\u011b podle va\u0161eho p\u0159\u00e1n\u00ed. Nab\u00edz\u00edme tak\u00e9 oh\u0148ostroje v interi\u00e9rech a\u00a0 dal\u0161\u00ed speci\u00e1ln\u00ed pyrotechnick\u00e9 efekty\u00a0 vhodn\u00e9 pro divadla, koncerty, sportovn\u00ed akce, airsoft nebo paintball.\" \/>\n<meta name=\"robots\" content=\"index, follow, max-snippet:-1, max-image-preview:large, max-video-preview:-1\" \/>\n<link rel=\"canonical\" href=\"https:\/\/www.ohnostroje.net\/index.php\/ohnostroje\/\" \/>\n<meta property=\"og:locale\" content=\"cs_CZ\" \/>\n<meta property=\"og:type\" content=\"article\" \/>\n<meta property=\"og:title\" content=\"Oh\u0148ostroje - Oh\u0148ostroje a pyrotechnika J\u00edlek\" \/>\n<meta property=\"og:description\" content=\"Realizujeme exteri\u00e9rov\u00e9 oh\u0148ostroje p\u0159esn\u011b podle va\u0161eho p\u0159\u00e1n\u00ed. Nab\u00edz\u00edme tak\u00e9 oh\u0148ostroje v interi\u00e9rech a\u00a0 dal\u0161\u00ed speci\u00e1ln\u00ed pyrotechnick\u00e9 efekty\u00a0 vhodn\u00e9 pro divadla, koncerty, sportovn\u00ed akce, airsoft nebo paintball.\" \/>\n<meta property=\"og:url\" content=\"https:\/\/www.ohnostroje.net\/index.php\/ohnostroje\/\" \/>\n<meta property=\"og:site_name\" content=\"Oh\u0148ostroje a pyrotechnika J\u00edlek\" \/>\n<meta property=\"article:modified_time\" content=\"2021-12-13T17:44:55+00:00\" \/>\n<meta property=\"og:image\" content=\"https:\/\/www.ohnostroje.net\/wp-content\/uploads\/2021\/11\/logo-bi\u0301le\u0301-c\u030cerne\u0301-1.png\" \/>\n\t<meta property=\"og:image:width\" content=\"200\" \/>\n\t<meta property=\"og:image:height\" content=\"153\" \/>\n\t<meta property=\"og:image:type\" content=\"image\/png\" \/>\n<meta name=\"twitter:card\" content=\"summary_large_image\" \/>\n<meta name=\"twitter:label1\" content=\"Odhadovan\u00e1 doba \u010dten\u00ed\" \/>\n\t<meta name=\"twitter:data1\" content=\"2 minuty\" \/>\n<script type=\"application\/ld+json\" class=\"yoast-schema-graph\">{\"@context\":\"https:\/\/schema.org\",\"@graph\":[{\"@type\":\"WebPage\",\"@id\":\"https:\/\/www.ohnostroje.net\/index.php\/ohnostroje\/\",\"url\":\"https:\/\/www.ohnostroje.net\/index.php\/ohnostroje\/\",\"name\":\"Oh\u0148ostroje - Oh\u0148ostroje a pyrotechnika J\u00edlek\",\"isPartOf\":{\"@id\":\"https:\/\/www.ohnostroje.net\/#website\"},\"primaryImageOfPage\":{\"@id\":\"https:\/\/www.ohnostroje.net\/index.php\/ohnostroje\/#primaryimage\"},\"image\":{\"@id\":\"https:\/\/www.ohnostroje.net\/index.php\/ohnostroje\/#primaryimage\"},\"thumbnailUrl\":\"https:\/\/www.ohnostroje.net\/wp-content\/uploads\/2021\/11\/silvestr-svitavy.png\",\"datePublished\":\"2021-11-19T19:29:31+00:00\",\"dateModified\":\"2021-12-13T17:44:55+00:00\",\"description\":\"Realizujeme exteri\u00e9rov\u00e9 oh\u0148ostroje p\u0159esn\u011b podle va\u0161eho p\u0159\u00e1n\u00ed. Nab\u00edz\u00edme tak\u00e9 oh\u0148ostroje v interi\u00e9rech a\u00a0 dal\u0161\u00ed speci\u00e1ln\u00ed pyrotechnick\u00e9 efekty\u00a0 vhodn\u00e9 pro divadla, koncerty, sportovn\u00ed akce, airsoft nebo paintball.\",\"breadcrumb\":{\"@id\":\"https:\/\/www.ohnostroje.net\/index.php\/ohnostroje\/#breadcrumb\"},\"inLanguage\":\"cs\",\"potentialAction\":[{\"@type\":\"ReadAction\",\"target\":[\"https:\/\/www.ohnostroje.net\/index.php\/ohnostroje\/\"]}]},{\"@type\":\"ImageObject\",\"inLanguage\":\"cs\",\"@id\":\"https:\/\/www.ohnostroje.net\/index.php\/ohnostroje\/#primaryimage\",\"url\":\"https:\/\/www.ohnostroje.net\/wp-content\/uploads\/2021\/11\/silvestr-svitavy.png\",\"contentUrl\":\"https:\/\/www.ohnostroje.net\/wp-content\/uploads\/2021\/11\/silvestr-svitavy.png\",\"width\":1000,\"height\":573},{\"@type\":\"BreadcrumbList\",\"@id\":\"https:\/\/www.ohnostroje.net\/index.php\/ohnostroje\/#breadcrumb\",\"itemListElement\":[{\"@type\":\"ListItem\",\"position\":1,\"name\":\"Dom\u016f\",\"item\":\"https:\/\/www.ohnostroje.net\/\"},{\"@type\":\"ListItem\",\"position\":2,\"name\":\"Oh\u0148ostroje\"}]},{\"@type\":\"WebSite\",\"@id\":\"https:\/\/www.ohnostroje.net\/#website\",\"url\":\"https:\/\/www.ohnostroje.net\/\",\"name\":\"Oh\u0148ostroje a pyrotechnika J\u00edlek\",\"description\":\"\",\"publisher\":{\"@id\":\"https:\/\/www.ohnostroje.net\/#organization\"},\"potentialAction\":[{\"@type\":\"SearchAction\",\"target\":{\"@type\":\"EntryPoint\",\"urlTemplate\":\"https:\/\/www.ohnostroje.net\/?s={search_term_string}\"},\"query-input\":{\"@type\":\"PropertyValueSpecification\",\"valueRequired\":true,\"valueName\":\"search_term_string\"}}],\"inLanguage\":\"cs\"},{\"@type\":\"Organization\",\"@id\":\"https:\/\/www.ohnostroje.net\/#organization\",\"name\":\"Oh\u0148ostroje J\u00edlek\",\"url\":\"https:\/\/www.ohnostroje.net\/\",\"logo\":{\"@type\":\"ImageObject\",\"inLanguage\":\"cs\",\"@id\":\"https:\/\/www.ohnostroje.net\/#\/schema\/logo\/image\/\",\"url\":\"https:\/\/www.ohnostroje.net\/wp-content\/uploads\/2021\/11\/logo-bi\u0301le\u0301-c\u030cerne\u0301-1.png\",\"contentUrl\":\"https:\/\/www.ohnostroje.net\/wp-content\/uploads\/2021\/11\/logo-bi\u0301le\u0301-c\u030cerne\u0301-1.png\",\"width\":200,\"height\":153,\"caption\":\"Oh\u0148ostroje J\u00edlek\"},\"image\":{\"@id\":\"https:\/\/www.ohnostroje.net\/#\/schema\/logo\/image\/\"}}]}<\/script>\n<!-- \/ Yoast SEO plugin. -->","yoast_head_json":{"title":"Oh\u0148ostroje - Oh\u0148ostroje a pyrotechnika J\u00edlek","description":"Realizujeme exteri\u00e9rov\u00e9 oh\u0148ostroje p\u0159esn\u011b podle va\u0161eho p\u0159\u00e1n\u00ed. Nab\u00edz\u00edme tak\u00e9 oh\u0148ostroje v interi\u00e9rech a\u00a0 dal\u0161\u00ed speci\u00e1ln\u00ed pyrotechnick\u00e9 efekty\u00a0 vhodn\u00e9 pro divadla, koncerty, sportovn\u00ed akce, airsoft nebo paintball.","robots":{"index":"index","follow":"follow","max-snippet":"max-snippet:-1","max-image-preview":"max-image-preview:large","max-video-preview":"max-video-preview:-1"},"canonical":"https:\/\/www.ohnostroje.net\/index.php\/ohnostroje\/","og_locale":"cs_CZ","og_type":"article","og_title":"Oh\u0148ostroje - Oh\u0148ostroje a pyrotechnika J\u00edlek","og_description":"Realizujeme exteri\u00e9rov\u00e9 oh\u0148ostroje p\u0159esn\u011b podle va\u0161eho p\u0159\u00e1n\u00ed. Nab\u00edz\u00edme tak\u00e9 oh\u0148ostroje v interi\u00e9rech a\u00a0 dal\u0161\u00ed speci\u00e1ln\u00ed pyrotechnick\u00e9 efekty\u00a0 vhodn\u00e9 pro divadla, koncerty, sportovn\u00ed akce, airsoft nebo paintball.","og_url":"https:\/\/www.ohnostroje.net\/index.php\/ohnostroje\/","og_site_name":"Oh\u0148ostroje a pyrotechnika J\u00edlek","article_modified_time":"2021-12-13T17:44:55+00:00","og_image":[{"width":200,"height":153,"url":"https:\/\/www.ohnostroje.net\/wp-content\/uploads\/2021\/11\/logo-bi\u0301le\u0301-c\u030cerne\u0301-1.png","type":"image\/png"}],"twitter_card":"summary_large_image","twitter_misc":{"Odhadovan\u00e1 doba \u010dten\u00ed":"2 minuty"},"schema":{"@context":"https:\/\/schema.org","@graph":[{"@type":"WebPage","@id":"https:\/\/www.ohnostroje.net\/index.php\/ohnostroje\/","url":"https:\/\/www.ohnostroje.net\/index.php\/ohnostroje\/","name":"Oh\u0148ostroje - Oh\u0148ostroje a pyrotechnika J\u00edlek","isPartOf":{"@id":"https:\/\/www.ohnostroje.net\/#website"},"primaryImageOfPage":{"@id":"https:\/\/www.ohnostroje.net\/index.php\/ohnostroje\/#primaryimage"},"image":{"@id":"https:\/\/www.ohnostroje.net\/index.php\/ohnostroje\/#primaryimage"},"thumbnailUrl":"https:\/\/www.ohnostroje.net\/wp-content\/uploads\/2021\/11\/silvestr-svitavy.png","datePublished":"2021-11-19T19:29:31+00:00","dateModified":"2021-12-13T17:44:55+00:00","description":"Realizujeme exteri\u00e9rov\u00e9 oh\u0148ostroje p\u0159esn\u011b podle va\u0161eho p\u0159\u00e1n\u00ed. Nab\u00edz\u00edme tak\u00e9 oh\u0148ostroje v interi\u00e9rech a\u00a0 dal\u0161\u00ed speci\u00e1ln\u00ed pyrotechnick\u00e9 efekty\u00a0 vhodn\u00e9 pro divadla, koncerty, sportovn\u00ed akce, airsoft nebo paintball.","breadcrumb":{"@id":"https:\/\/www.ohnostroje.net\/index.php\/ohnostroje\/#breadcrumb"},"inLanguage":"cs","potentialAction":[{"@type":"ReadAction","target":["https:\/\/www.ohnostroje.net\/index.php\/ohnostroje\/"]}]},{"@type":"ImageObject","inLanguage":"cs","@id":"https:\/\/www.ohnostroje.net\/index.php\/ohnostroje\/#primaryimage","url":"https:\/\/www.ohnostroje.net\/wp-content\/uploads\/2021\/11\/silvestr-svitavy.png","contentUrl":"https:\/\/www.ohnostroje.net\/wp-content\/uploads\/2021\/11\/silvestr-svitavy.png","width":1000,"height":573},{"@type":"BreadcrumbList","@id":"https:\/\/www.ohnostroje.net\/index.php\/ohnostroje\/#breadcrumb","itemListElement":[{"@type":"ListItem","position":1,"name":"Dom\u016f","item":"https:\/\/www.ohnostroje.net\/"},{"@type":"ListItem","position":2,"name":"Oh\u0148ostroje"}]},{"@type":"WebSite","@id":"https:\/\/www.ohnostroje.net\/#website","url":"https:\/\/www.ohnostroje.net\/","name":"Oh\u0148ostroje a pyrotechnika J\u00edlek","description":"","publisher":{"@id":"https:\/\/www.ohnostroje.net\/#organization"},"potentialAction":[{"@type":"SearchAction","target":{"@type":"EntryPoint","urlTemplate":"https:\/\/www.ohnostroje.net\/?s={search_term_string}"},"query-input":{"@type":"PropertyValueSpecification","valueRequired":true,"valueName":"search_term_string"}}],"inLanguage":"cs"},{"@type":"Organization","@id":"https:\/\/www.ohnostroje.net\/#organization","name":"Oh\u0148ostroje J\u00edlek","url":"https:\/\/www.ohnostroje.net\/","logo":{"@type":"ImageObject","inLanguage":"cs","@id":"https:\/\/www.ohnostroje.net\/#\/schema\/logo\/image\/","url":"https:\/\/www.ohnostroje.net\/wp-content\/uploads\/2021\/11\/logo-bi\u0301le\u0301-c\u030cerne\u0301-1.png","contentUrl":"https:\/\/www.ohnostroje.net\/wp-content\/uploads\/2021\/11\/logo-bi\u0301le\u0301-c\u030cerne\u0301-1.png","width":200,"height":153,"caption":"Oh\u0148ostroje J\u00edlek"},"image":{"@id":"https:\/\/www.ohnostroje.net\/#\/schema\/logo\/image\/"}}]}},"_links":{"self":[{"href":"https:\/\/www.ohnostroje.net\/index.php\/wp-json\/wp\/v2\/pages\/63","targetHints":{"allow":["GET"]}}],"collection":[{"href":"https:\/\/www.ohnostroje.net\/index.php\/wp-json\/wp\/v2\/pages"}],"about":[{"href":"https:\/\/www.ohnostroje.net\/index.php\/wp-json\/wp\/v2\/types\/page"}],"author":[{"embeddable":true,"href":"https:\/\/www.ohnostroje.net\/index.php\/wp-json\/wp\/v2\/users\/1"}],"replies":[{"embeddable":true,"href":"https:\/\/www.ohnostroje.net\/index.php\/wp-json\/wp\/v2\/comments?post=63"}],"version-history":[{"count":6,"href":"https:\/\/www.ohnostroje.net\/index.php\/wp-json\/wp\/v2\/pages\/63\/revisions"}],"predecessor-version":[{"id":76,"href":"https:\/\/www.ohnostroje.net\/index.php\/wp-json\/wp\/v2\/pages\/63\/revisions\/76"}],"wp:attachment":[{"href":"https:\/\/www.ohnostroje.net\/index.php\/wp-json\/wp\/v2\/media?parent=63"}],"curies":[{"name":"wp","href":"https:\/\/api.w.org\/{rel}","templated":true}]}}