{"id":81,"date":"2021-11-19T19:47:37","date_gmt":"2021-11-19T19:47:37","guid":{"rendered":"https:\/\/www.ohnostroje.net\/?page_id=81"},"modified":"2025-11-24T09:38:30","modified_gmt":"2025-11-24T09:38:30","slug":"prodejna","status":"publish","type":"page","link":"https:\/\/www.ohnostroje.net\/index.php\/prodejna\/","title":{"rendered":"Prodejna"},"content":{"rendered":"\n<h2 class=\"wp-block-heading\">Prodejna z\u00e1bavn\u00ed pyrotechniky<\/h2>\n\n\n\n<p><meta charset=\"utf-8\">Na prodejn\u011b p\u0159ij\u00edm\u00e1me <strong>pouze platby v hotovosti<\/strong>. D\u011bkujeme za pochopen\u00ed.<\/p>\n\n\n\n<h1 class=\"wp-block-heading\"><strong>Otev\u00edrac\u00ed doba Prosinec 2025:<\/strong><\/h1>\n\n\n\n<h5 class=\"wp-block-heading\"><br>1. 12. \u2013 21. 12.<br>P\u00e1: 14:30 \u2013 17:00<br>SO: 9:00 \u2013 11:00<br><br><meta charset=\"utf-8\"><\/meta>22. 12. \u2013 23. 12.<br>10:00 \u2013 16:00<br><br><meta charset=\"utf-8\"><\/meta>24. 12., <meta charset=\"utf-8\"><\/meta>25. 12. a 26. 12.<br>zav\u0159eno<br><br><meta charset=\"utf-8\"><\/meta>SOBOTA 27. 12.<br>9:00 \u2013 16:00<br><br>nED\u011aLE 28. 12.<br>9:00 \u2013 14:00<br><meta charset=\"utf-8\"><\/meta><br>29. 12. \u2013 30. 12.<br><meta charset=\"utf-8\"><\/meta><meta charset=\"utf-8\"><\/meta>9:00 \u2013 17:00<br><br>SILVESTR 31. 12.<br>9:00 \u2013 16:00<br><br><\/h5>\n\n\n\n<h5 class=\"wp-block-heading\"><strong>Mimo otev\u00edrac\u00ed dobu je prodej mo\u017en\u00fd po telefonick\u00e9 domluv\u011a<\/strong><\/h5>\n\n\n\n<p><br><strong>731&nbsp;374&nbsp;481<\/strong>, 604&nbsp;238&nbsp;104, 732&nbsp;504&nbsp;916<br><\/p>\n\n\n\n<h1 class=\"wp-block-heading\"><strong>Otev\u00edrac\u00ed doba Leden &#8211; B\u0159ezen:<\/strong><br>ZAV\u0158ENO<\/h1>\n\n\n\n<h5 class=\"wp-block-heading\"><strong>Mimo otev\u00edrac\u00ed dobu je prodej mo\u017en\u00fd po telefonick\u00e9 domluv\u011a<\/strong><\/h5>\n\n\n\n<p><br><strong>731&nbsp;374&nbsp;481<\/strong>, 604&nbsp;238&nbsp;104, 732&nbsp;504&nbsp;916<br><\/p>\n\n\n\n<h1 class=\"wp-block-heading\"><strong>Otev\u00edrac\u00ed doba Duben &#8211; Listopad:<\/strong><\/h1>\n\n\n\n<h5 class=\"wp-block-heading\">P\u00e1 &#8211; 14:30 &#8211; 17:00<br>So &#8211; 9:00 &#8211; 11:00<\/h5>\n\n\n\n<h5 class=\"wp-block-heading\"><strong>Mimo otev\u00edrac\u00ed dobu je prodej mo\u017en\u00fd po telefonick\u00e9 domluv\u011a<\/strong><\/h5>\n\n\n\n<p><br><strong>731&nbsp;374&nbsp;481<\/strong>, 604&nbsp;238&nbsp;104, 732&nbsp;504&nbsp;916<br><\/p>\n\n\n\n<p><\/p>\n\n\n\n<h5 class=\"wp-block-heading\"><strong>Hegerova 156<br>572 01 Poli\u010dka<\/strong><\/h5>\n\n\n\n<figure class=\"wp-block-gallery alignwide has-nested-images columns-default is-cropped wp-block-gallery-1 is-layout-flex wp-block-gallery-is-layout-flex\">\n<figure class=\"wp-block-image size-large\"><img loading=\"lazy\" decoding=\"async\" width=\"768\" height=\"1024\" data-id=\"116\" src=\"https:\/\/www.ohnostroje.net\/wp-content\/uploads\/2021\/12\/20201218_145442-768x1024.jpg\" alt=\"\" class=\"wp-image-116\" srcset=\"https:\/\/www.ohnostroje.net\/wp-content\/uploads\/2021\/12\/20201218_145442-768x1024.jpg 768w, https:\/\/www.ohnostroje.net\/wp-content\/uploads\/2021\/12\/20201218_145442-225x300.jpg 225w, https:\/\/www.ohnostroje.net\/wp-content\/uploads\/2021\/12\/20201218_145442-1152x1536.jpg 1152w, https:\/\/www.ohnostroje.net\/wp-content\/uploads\/2021\/12\/20201218_145442-1536x2048.jpg 1536w, https:\/\/www.ohnostroje.net\/wp-content\/uploads\/2021\/12\/20201218_145442-scaled.jpg 1920w\" sizes=\"auto, (max-width: 706px) 89vw, (max-width: 767px) 82vw, 740px\" \/><\/figure>\n\n\n\n<figure class=\"wp-block-image size-large\"><img loading=\"lazy\" decoding=\"async\" width=\"768\" height=\"1024\" data-id=\"114\" src=\"https:\/\/www.ohnostroje.net\/wp-content\/uploads\/2021\/12\/20201218_145400-768x1024.jpg\" alt=\"\" class=\"wp-image-114\" srcset=\"https:\/\/www.ohnostroje.net\/wp-content\/uploads\/2021\/12\/20201218_145400-768x1024.jpg 768w, https:\/\/www.ohnostroje.net\/wp-content\/uploads\/2021\/12\/20201218_145400-225x300.jpg 225w, https:\/\/www.ohnostroje.net\/wp-content\/uploads\/2021\/12\/20201218_145400-1152x1536.jpg 1152w, https:\/\/www.ohnostroje.net\/wp-content\/uploads\/2021\/12\/20201218_145400-1536x2048.jpg 1536w, https:\/\/www.ohnostroje.net\/wp-content\/uploads\/2021\/12\/20201218_145400-scaled.jpg 1920w\" sizes=\"auto, (max-width: 706px) 89vw, (max-width: 767px) 82vw, 740px\" \/><\/figure>\n<\/figure>\n\n\n\n<h5 class=\"wp-block-heading\">&nbsp;<\/h5>\n\n\n\n<hr class=\"wp-block-separator has-css-opacity\"\/>\n\n\n\n<h3 class=\"wp-block-heading\">Nab\u00edz\u00edme \u0161irok\u00fd sortiment pyrotechnick\u00fdch v\u00fdrobk\u016f<\/h3>\n\n\n\n<h5 class=\"wp-block-heading\"><strong>V\u00fdrobky kategorie F1<\/strong><\/h5>\n\n\n\n<p><em>prodej od 15 let<\/em><\/p>\n\n\n\n<p>Prskavky, bouchac\u00ed kuli\u010dky, minifont\u00e1nky&#8230;<\/p>\n\n\n\n<h5 class=\"wp-block-heading\">V\u00fdrobky kategorie F2<\/h5>\n\n\n\n<p><em>prodej od 18 let<\/em><\/p>\n\n\n\n<p>Kompakty, rakety, petardy, font\u00e1ny&#8230;<\/p>\n\n\n\n<h5 class=\"wp-block-heading\">V\u00fdrobky kategorie F3<\/h5>\n\n\n\n<p><em>prodej od 21 let<\/em><\/p>\n\n\n\n<p>Kompakty, rakety, petardy&#8230;<\/p>\n\n\n\n<h5 class=\"wp-block-heading\">V\u00fdrobky kategorie P1<\/h5>\n\n\n\n<p>D\u00fdmovnice r\u016fzn\u00fdch barev<\/p>\n\n\n\n<h5 class=\"wp-block-heading\">Pyrotechnika pro airsoft a paintball<\/h5>\n\n\n\n<p>Gran\u00e1ty pro airsoft&nbsp;&nbsp;<\/p>\n\n\n\n<h5 class=\"wp-block-heading\">V\u00fdrobky kategorie 4<\/h5>\n\n\n\n<p>Tyto v\u00fdrobky lze zakoupit pouze po telefonick\u00e9 domluv\u011b. <meta charset=\"utf-8\"><em>Prodej pouze po p\u0159edlo\u017een\u00ed platn\u00e9ho pr\u016fkazu odpalova\u010de oh\u0148ostroj\u016f<\/em><\/p>\n\n\n\n<p><\/p>\n","protected":false},"excerpt":{"rendered":"<p>Prodejna z\u00e1bavn\u00ed pyrotechniky Na prodejn\u011b p\u0159ij\u00edm\u00e1me pouze platby v hotovosti. D\u011bkujeme za pochopen\u00ed. Otev\u00edrac\u00ed doba Prosinec 2025: 1. 12. \u2013 21. 12.P\u00e1: 14:30 \u2013 17:00SO: 9:00 \u2013 11:00 22. 12. \u2013 23. 12.10:00 \u2013 16:00 24. 12., 25. 12. a 26. 12.zav\u0159eno SOBOTA 27. 12.9:00 \u2013 16:00 nED\u011aLE 28. 12.9:00 \u2013 14:0029. 12. \u2013 30. &hellip; <\/p>\n<p class=\"link-more\"><a href=\"https:\/\/www.ohnostroje.net\/index.php\/prodejna\/\" class=\"more-link\">Pokra\u010dovat ve \u010dten\u00ed<span class=\"screen-reader-text\"> &#8222;Prodejna&#8220;<\/span><\/a><\/p>\n","protected":false},"author":1,"featured_media":0,"parent":0,"menu_order":0,"comment_status":"closed","ping_status":"closed","template":"","meta":{"footnotes":""},"class_list":["post-81","page","type-page","status-publish","hentry"],"yoast_head":"<!-- This site is optimized with the Yoast SEO plugin v25.3.1 - https:\/\/yoast.com\/wordpress\/plugins\/seo\/ -->\n<title>Prodejna - Oh\u0148ostroje a pyrotechnika J\u00edlek<\/title>\n<meta name=\"description\" content=\"P\u0159ij\u010fte si vybrat z na\u0161eho sortimentu z\u00e1bavn\u00ed pyrotechniky do na\u0161\u00ed prodejny v Poli\u010dce.\" \/>\n<meta name=\"robots\" content=\"index, follow, max-snippet:-1, max-image-preview:large, max-video-preview:-1\" \/>\n<link rel=\"canonical\" href=\"https:\/\/www.ohnostroje.net\/index.php\/prodejna\/\" \/>\n<meta property=\"og:locale\" content=\"cs_CZ\" \/>\n<meta property=\"og:type\" content=\"article\" \/>\n<meta property=\"og:title\" content=\"Prodejna - Oh\u0148ostroje a pyrotechnika J\u00edlek\" \/>\n<meta property=\"og:description\" content=\"P\u0159ij\u010fte si vybrat z na\u0161eho sortimentu z\u00e1bavn\u00ed pyrotechniky do na\u0161\u00ed prodejny v Poli\u010dce.\" \/>\n<meta property=\"og:url\" content=\"https:\/\/www.ohnostroje.net\/index.php\/prodejna\/\" \/>\n<meta property=\"og:site_name\" content=\"Oh\u0148ostroje a pyrotechnika J\u00edlek\" \/>\n<meta property=\"article:modified_time\" content=\"2025-11-24T09:38:30+00:00\" \/>\n<meta property=\"og:image\" content=\"https:\/\/www.ohnostroje.net\/wp-content\/uploads\/2021\/12\/20201218_145442-scaled.jpg\" \/>\n\t<meta property=\"og:image:width\" content=\"1920\" \/>\n\t<meta property=\"og:image:height\" content=\"2560\" \/>\n\t<meta property=\"og:image:type\" content=\"image\/jpeg\" \/>\n<meta name=\"twitter:card\" content=\"summary_large_image\" \/>\n<meta name=\"twitter:label1\" content=\"Odhadovan\u00e1 doba \u010dten\u00ed\" \/>\n\t<meta name=\"twitter:data1\" content=\"2 minuty\" \/>\n<script type=\"application\/ld+json\" class=\"yoast-schema-graph\">{\"@context\":\"https:\/\/schema.org\",\"@graph\":[{\"@type\":\"WebPage\",\"@id\":\"https:\/\/www.ohnostroje.net\/index.php\/prodejna\/\",\"url\":\"https:\/\/www.ohnostroje.net\/index.php\/prodejna\/\",\"name\":\"Prodejna - Oh\u0148ostroje a pyrotechnika J\u00edlek\",\"isPartOf\":{\"@id\":\"https:\/\/www.ohnostroje.net\/#website\"},\"primaryImageOfPage\":{\"@id\":\"https:\/\/www.ohnostroje.net\/index.php\/prodejna\/#primaryimage\"},\"image\":{\"@id\":\"https:\/\/www.ohnostroje.net\/index.php\/prodejna\/#primaryimage\"},\"thumbnailUrl\":\"https:\/\/www.ohnostroje.net\/wp-content\/uploads\/2021\/12\/20201218_145442-768x1024.jpg\",\"datePublished\":\"2021-11-19T19:47:37+00:00\",\"dateModified\":\"2025-11-24T09:38:30+00:00\",\"description\":\"P\u0159ij\u010fte si vybrat z na\u0161eho sortimentu z\u00e1bavn\u00ed pyrotechniky do na\u0161\u00ed prodejny v Poli\u010dce.\",\"breadcrumb\":{\"@id\":\"https:\/\/www.ohnostroje.net\/index.php\/prodejna\/#breadcrumb\"},\"inLanguage\":\"cs\",\"potentialAction\":[{\"@type\":\"ReadAction\",\"target\":[\"https:\/\/www.ohnostroje.net\/index.php\/prodejna\/\"]}]},{\"@type\":\"ImageObject\",\"inLanguage\":\"cs\",\"@id\":\"https:\/\/www.ohnostroje.net\/index.php\/prodejna\/#primaryimage\",\"url\":\"https:\/\/www.ohnostroje.net\/wp-content\/uploads\/2021\/12\/20201218_145442-scaled.jpg\",\"contentUrl\":\"https:\/\/www.ohnostroje.net\/wp-content\/uploads\/2021\/12\/20201218_145442-scaled.jpg\",\"width\":1920,\"height\":2560},{\"@type\":\"BreadcrumbList\",\"@id\":\"https:\/\/www.ohnostroje.net\/index.php\/prodejna\/#breadcrumb\",\"itemListElement\":[{\"@type\":\"ListItem\",\"position\":1,\"name\":\"Dom\u016f\",\"item\":\"https:\/\/www.ohnostroje.net\/\"},{\"@type\":\"ListItem\",\"position\":2,\"name\":\"Prodejna\"}]},{\"@type\":\"WebSite\",\"@id\":\"https:\/\/www.ohnostroje.net\/#website\",\"url\":\"https:\/\/www.ohnostroje.net\/\",\"name\":\"Oh\u0148ostroje a pyrotechnika J\u00edlek\",\"description\":\"\",\"publisher\":{\"@id\":\"https:\/\/www.ohnostroje.net\/#organization\"},\"potentialAction\":[{\"@type\":\"SearchAction\",\"target\":{\"@type\":\"EntryPoint\",\"urlTemplate\":\"https:\/\/www.ohnostroje.net\/?s={search_term_string}\"},\"query-input\":{\"@type\":\"PropertyValueSpecification\",\"valueRequired\":true,\"valueName\":\"search_term_string\"}}],\"inLanguage\":\"cs\"},{\"@type\":\"Organization\",\"@id\":\"https:\/\/www.ohnostroje.net\/#organization\",\"name\":\"Oh\u0148ostroje J\u00edlek\",\"url\":\"https:\/\/www.ohnostroje.net\/\",\"logo\":{\"@type\":\"ImageObject\",\"inLanguage\":\"cs\",\"@id\":\"https:\/\/www.ohnostroje.net\/#\/schema\/logo\/image\/\",\"url\":\"https:\/\/www.ohnostroje.net\/wp-content\/uploads\/2021\/11\/logo-bi\u0301le\u0301-c\u030cerne\u0301-1.png\",\"contentUrl\":\"https:\/\/www.ohnostroje.net\/wp-content\/uploads\/2021\/11\/logo-bi\u0301le\u0301-c\u030cerne\u0301-1.png\",\"width\":200,\"height\":153,\"caption\":\"Oh\u0148ostroje J\u00edlek\"},\"image\":{\"@id\":\"https:\/\/www.ohnostroje.net\/#\/schema\/logo\/image\/\"}}]}<\/script>\n<!-- \/ Yoast SEO plugin. -->","yoast_head_json":{"title":"Prodejna - Oh\u0148ostroje a pyrotechnika J\u00edlek","description":"P\u0159ij\u010fte si vybrat z na\u0161eho sortimentu z\u00e1bavn\u00ed pyrotechniky do na\u0161\u00ed prodejny v Poli\u010dce.","robots":{"index":"index","follow":"follow","max-snippet":"max-snippet:-1","max-image-preview":"max-image-preview:large","max-video-preview":"max-video-preview:-1"},"canonical":"https:\/\/www.ohnostroje.net\/index.php\/prodejna\/","og_locale":"cs_CZ","og_type":"article","og_title":"Prodejna - Oh\u0148ostroje a pyrotechnika J\u00edlek","og_description":"P\u0159ij\u010fte si vybrat z na\u0161eho sortimentu z\u00e1bavn\u00ed pyrotechniky do na\u0161\u00ed prodejny v Poli\u010dce.","og_url":"https:\/\/www.ohnostroje.net\/index.php\/prodejna\/","og_site_name":"Oh\u0148ostroje a pyrotechnika J\u00edlek","article_modified_time":"2025-11-24T09:38:30+00:00","og_image":[{"width":1920,"height":2560,"url":"https:\/\/www.ohnostroje.net\/wp-content\/uploads\/2021\/12\/20201218_145442-scaled.jpg","type":"image\/jpeg"}],"twitter_card":"summary_large_image","twitter_misc":{"Odhadovan\u00e1 doba \u010dten\u00ed":"2 minuty"},"schema":{"@context":"https:\/\/schema.org","@graph":[{"@type":"WebPage","@id":"https:\/\/www.ohnostroje.net\/index.php\/prodejna\/","url":"https:\/\/www.ohnostroje.net\/index.php\/prodejna\/","name":"Prodejna - Oh\u0148ostroje a pyrotechnika J\u00edlek","isPartOf":{"@id":"https:\/\/www.ohnostroje.net\/#website"},"primaryImageOfPage":{"@id":"https:\/\/www.ohnostroje.net\/index.php\/prodejna\/#primaryimage"},"image":{"@id":"https:\/\/www.ohnostroje.net\/index.php\/prodejna\/#primaryimage"},"thumbnailUrl":"https:\/\/www.ohnostroje.net\/wp-content\/uploads\/2021\/12\/20201218_145442-768x1024.jpg","datePublished":"2021-11-19T19:47:37+00:00","dateModified":"2025-11-24T09:38:30+00:00","description":"P\u0159ij\u010fte si vybrat z na\u0161eho sortimentu z\u00e1bavn\u00ed pyrotechniky do na\u0161\u00ed prodejny v Poli\u010dce.","breadcrumb":{"@id":"https:\/\/www.ohnostroje.net\/index.php\/prodejna\/#breadcrumb"},"inLanguage":"cs","potentialAction":[{"@type":"ReadAction","target":["https:\/\/www.ohnostroje.net\/index.php\/prodejna\/"]}]},{"@type":"ImageObject","inLanguage":"cs","@id":"https:\/\/www.ohnostroje.net\/index.php\/prodejna\/#primaryimage","url":"https:\/\/www.ohnostroje.net\/wp-content\/uploads\/2021\/12\/20201218_145442-scaled.jpg","contentUrl":"https:\/\/www.ohnostroje.net\/wp-content\/uploads\/2021\/12\/20201218_145442-scaled.jpg","width":1920,"height":2560},{"@type":"BreadcrumbList","@id":"https:\/\/www.ohnostroje.net\/index.php\/prodejna\/#breadcrumb","itemListElement":[{"@type":"ListItem","position":1,"name":"Dom\u016f","item":"https:\/\/www.ohnostroje.net\/"},{"@type":"ListItem","position":2,"name":"Prodejna"}]},{"@type":"WebSite","@id":"https:\/\/www.ohnostroje.net\/#website","url":"https:\/\/www.ohnostroje.net\/","name":"Oh\u0148ostroje a pyrotechnika J\u00edlek","description":"","publisher":{"@id":"https:\/\/www.ohnostroje.net\/#organization"},"potentialAction":[{"@type":"SearchAction","target":{"@type":"EntryPoint","urlTemplate":"https:\/\/www.ohnostroje.net\/?s={search_term_string}"},"query-input":{"@type":"PropertyValueSpecification","valueRequired":true,"valueName":"search_term_string"}}],"inLanguage":"cs"},{"@type":"Organization","@id":"https:\/\/www.ohnostroje.net\/#organization","name":"Oh\u0148ostroje J\u00edlek","url":"https:\/\/www.ohnostroje.net\/","logo":{"@type":"ImageObject","inLanguage":"cs","@id":"https:\/\/www.ohnostroje.net\/#\/schema\/logo\/image\/","url":"https:\/\/www.ohnostroje.net\/wp-content\/uploads\/2021\/11\/logo-bi\u0301le\u0301-c\u030cerne\u0301-1.png","contentUrl":"https:\/\/www.ohnostroje.net\/wp-content\/uploads\/2021\/11\/logo-bi\u0301le\u0301-c\u030cerne\u0301-1.png","width":200,"height":153,"caption":"Oh\u0148ostroje J\u00edlek"},"image":{"@id":"https:\/\/www.ohnostroje.net\/#\/schema\/logo\/image\/"}}]}},"_links":{"self":[{"href":"https:\/\/www.ohnostroje.net\/index.php\/wp-json\/wp\/v2\/pages\/81","targetHints":{"allow":["GET"]}}],"collection":[{"href":"https:\/\/www.ohnostroje.net\/index.php\/wp-json\/wp\/v2\/pages"}],"about":[{"href":"https:\/\/www.ohnostroje.net\/index.php\/wp-json\/wp\/v2\/types\/page"}],"author":[{"embeddable":true,"href":"https:\/\/www.ohnostroje.net\/index.php\/wp-json\/wp\/v2\/users\/1"}],"replies":[{"embeddable":true,"href":"https:\/\/www.ohnostroje.net\/index.php\/wp-json\/wp\/v2\/comments?post=81"}],"version-history":[{"count":17,"href":"https:\/\/www.ohnostroje.net\/index.php\/wp-json\/wp\/v2\/pages\/81\/revisions"}],"predecessor-version":[{"id":170,"href":"https:\/\/www.ohnostroje.net\/index.php\/wp-json\/wp\/v2\/pages\/81\/revisions\/170"}],"wp:attachment":[{"href":"https:\/\/www.ohnostroje.net\/index.php\/wp-json\/wp\/v2\/media?parent=81"}],"curies":[{"name":"wp","href":"https:\/\/api.w.org\/{rel}","templated":true}]}}